{"id":39223,"date":"2026-01-16T14:34:29","date_gmt":"2026-01-16T13:34:29","guid":{"rendered":"https:\/\/magrid.education\/?page_id=39223"},"modified":"2026-04-15T15:25:21","modified_gmt":"2026-04-15T13:25:21","slug":"sonderpadagogik-mathe-app-autismus-inklusive-bildung","status":"publish","type":"page","link":"https:\/\/magrid.education\/de\/special-education-math-app-autism-inclusive-education\/","title":{"rendered":"Integrativer Mathematikunterricht f\u00fcr Autisten: Wie eine Mathe-App f\u00fcr Sonderschulen das Lernen ver\u00e4ndert"},"content":{"rendered":"<section data-bb-version=\"5.5.9\" id=\"bt_bb_section6a09b376a2b7d\"  class=\"bt_bb_section bt_bb_layout_boxed_1200\"  data-bt-override-class=\"null\"><div class=\"bt_bb_port\"><div class=\"bt_bb_cell\"><div class=\"bt_bb_cell_inner\"><div class=\"bt_bb_row\"  data-bt-override-class=\"{}\"><div class=\"bt_bb_row_holder\" ><div data-bb-version=\"5.5.9\"  class=\"bt_bb_column col-xxl-12 col-xl-12 col-xs-12 col-sm-12 col-md-12 col-lg-12 bt_bb_vertical_align_top bt_bb_align_left bt_bb_padding_normal bt_bb_shape_inherit\" style=\"; --column-width:12;\" data-width=\"12\" data-bt-override-class=\"{}\"><div class=\"bt_bb_column_content\"><div class=\"bt_bb_column_content_inner\"><div data-bb-version=\"5.5.9\" class=\"bt_bb_separator bt_bb_border_style_none bt_bb_top_spacing_normal bt_bb_bottom_spacing_normal\" data-bt-override-class=\"{&quot;bt_bb_top_spacing_&quot;:{&quot;current_class&quot;:&quot;bt_bb_top_spacing_normal&quot;,&quot;def&quot;:&quot;normal&quot;},&quot;bt_bb_bottom_spacing_&quot;:{&quot;current_class&quot;:&quot;bt_bb_bottom_spacing_normal&quot;,&quot;def&quot;:&quot;normal&quot;}}\"><\/div><div data-bb-version=\"5.5.9\"  class=\"bt_bb_text\" ><\/p>\n<p>\u00a0<\/p>\n<h6><strong>Integrativer Mathematikunterricht f\u00fcr Autisten: Wie eine Mathe-App f\u00fcr Sonderschulen das Lernen ver\u00e4ndert<\/strong><\/h6>\n<p>\u00a0<\/p>\n<p>\u00a0<\/p>\n<h5 style=\"font-weight: 900;\"><strong>Einf\u00fchrung<\/strong><\/h5>\n<p>Der integrative Mathematikunterricht in den Vereinigten Staaten entwickelt sich weiter, da P\u00e4dagogen und Therapeuten nach Instrumenten suchen, die wissenschaftliche Validierung, praktische Anwendung im Klassenzimmer und globale Best Practices miteinander verbinden. F\u00fcr Sonderschulen, die Kinder mit Autismus unterst\u00fctzen, geht es in der Mathematik nicht nur um Zahlen. Sie ist ein strukturierter Weg zur Entwicklung von Aufmerksamkeit, Reihenfolgen und feinmotorischer Koordination.<\/p>\n<p>Die moderne Forschung best\u00e4tigt, dass fr\u00fchzeitige numerische und kognitive Interventionen adaptive Ergebnisse in der Autismuserziehung unterst\u00fctzen k\u00f6nnen. Das Nationale Zentrum f\u00fcr\u00a0<a href=\"https:\/\/ies.ed.gov\/ncser\/\" target=\"_blank\" rel=\"noopener\">Sonderp\u00e4dagogische Forschung (NCSER)<\/a>\u00a0berichtet, dass strukturierte visuell-motorische Aktivit\u00e4ten das logische Denken und Probleml\u00f6sen bei Kindern mit Entwicklungsunterschieden verbessern k\u00f6nnen.<\/p>\n<p><strong>Magrid<\/strong>, das mit Universit\u00e4tspartnern entwickelt und durch Forschung validiert wurde, setzt diese Erkenntnisse in die Praxis um. Es ist ein sprachfreies, lehrplangest\u00fctztes Programm, das Mathematik, Kognition und motorische Entwicklung in integrativen Klassen und Therapiesituationen miteinander verbindet.<\/p>\n<p>Erfahren Sie mehr:<\/p>\n<ul class=\"custom-bullets\">\n<li><a href=\"https:\/\/magrid.education\/de\/warum-magrid\/\">Wie Magrid funktioniert<\/a><\/li>\n<\/ul>\n<h6 style=\"font-weight: 900;\"><strong>Die Herausforderung des Mathematikunterrichts in der Autismusp\u00e4dagogik<\/strong><\/h6>\n<p>Lernende mit Autismus zeigen oft St\u00e4rken in der Mustererkennung und im visuellen Denken. Viele haben auch Probleme mit abstraktem Denken und sprachlastigem Unterricht. Wenn der Unterricht haupts\u00e4chlich auf verbalen Erkl\u00e4rungen beruht, kann dies die kognitive Belastung erh\u00f6hen und das Engagement verringern.<\/p>\n<p>Beweise aus\u00a0<a href=\"https:\/\/www.autismspeaks.org\/\" target=\"_blank\" rel=\"noopener\">Autismus Speaks<\/a>,\u00a0<a href=\"https:\/\/www.understood.org\/\" target=\"_blank\" rel=\"noopener\">Verstanden.org<\/a>, und\u00a0<a href=\"https:\/\/exceptionalchildren.org\/\" target=\"_blank\" rel=\"noopener\">der Rat f\u00fcr au\u00dfergew\u00f6hnliche Kinder<\/a>\u00a0hebt hervor, dass strukturierte visuelle und interaktive Umgebungen eine bessere Beteiligung und messbare Fortschritte f\u00f6rdern.<\/p>\n<p>Sonderschulzentren auf der ganzen Welt berichten \u00fcber eine bessere Beteiligung, wenn mathematische Konzepte mit Hilfe multisensorischer, visuell gef\u00fchrter digitaler Hilfsmittel vermittelt werden. Beispiele hierf\u00fcr sind das Centre du D\u00e9veloppement Intellectuel in Luxemburg und UEL The Gap in Australien. In den Vereinigten Staaten besteht die Herausforderung darin, diese Praktiken in verschiedenen Umgebungen zu skalieren und gleichzeitig die evidenzbasierte Treue zu wahren. Hier bietet eine forschungsvalidierte, sprachunabh\u00e4ngige Plattform wie Magrid einen Mehrwert.<\/p>\n<h6 style=\"font-weight: 900;\"><strong>Forschungsgest\u00fctzte und sprachfreie Ans\u00e4tze<\/strong><\/h6>\n<p>Das sprachfreie Design von Magrid macht die Aktivit\u00e4ten unabh\u00e4ngig vom sprachlichen Hintergrund oder den sprachlichen F\u00e4higkeiten der Lernenden zug\u00e4nglich. Anstelle von schriftlichen Anweisungen navigieren die Lernenden durch visuelle Hinweise und strukturierte Aufgaben, die die logische Abfolge, das Mengenbewusstsein und das r\u00e4umliche Vorstellungsverm\u00f6gen f\u00f6rdern.<\/p>\n<p>Dies steht im Einklang mit den Leitlinien der\u00a0<a href=\"https:\/\/www.apa.org\/\" target=\"_blank\" rel=\"noopener\">Amerikanische Psychologische Vereinigung<\/a>\u00a0zu den Vorteilen visueller Lernstrategien f\u00fcr neurodiverse Sch\u00fcler und zu den umfassenderen Zielen einer integrativen Praxis im Rahmen des\u00a0<a href=\"https:\/\/sites.ed.gov\/idea\/\" target=\"_blank\" rel=\"noopener\">Individuals with Disabilities Education Act (IDEA).<\/a><\/p>\n<p>Beispiele f\u00fcr die strukturierten, forschungsbasierten Aktivit\u00e4ten von Magrid sind:<\/p>\n<ul class=\"custom-bullets\">\n<li><strong>Visuelle Logikr\u00e4tsel:<\/strong>\u00a0St\u00e4rkung von Konzepten aus der Zeit vor dem Zahlenunterricht, wie z. B. \u00dcbereinstimmung, Vergleich und Reihenfolge.<\/li>\n<li><strong>Sortier- und Klassifizierungsspiele:<\/strong>\u00a0St\u00e4rkung der exekutiven Funktionen und des regelbasierten Denkens.<\/li>\n<li><strong>Aufgaben zur Mustererkennung:<\/strong>\u00a0die Grundlage f\u00fcr arithmetisches und algebraisches Denken sowie f\u00fcr das L\u00f6sen von Problemen schaffen.<\/li>\n<\/ul>\n<p>In der Praxis nutzen die Zentren diese strukturierten visuellen Aktivit\u00e4ten, um den Kindern zu helfen, von konkreten Handlungen (Sortieren, Ordnen) zum abstrakten Verst\u00e4ndnis (Zahlenverst\u00e4ndnis) zu gelangen. Die Kombination aus kognitiver und motorischer Besch\u00e4ftigung erh\u00f6ht sowohl die Ausdauer als auch die Motivation.<\/p>\n<h6 style=\"font-weight: 900;\"><strong>Wie eine Mathe-App f\u00fcr Sonderschulen die kognitive und motorische Entwicklung unterst\u00fctzt<\/strong><\/h6>\n<p>Mathematische Kompetenz h\u00e4ngt von miteinander verkn\u00fcpften visuellen, motorischen und kognitiven Prozessen ab. Eine speziell entwickelte Mathe-App f\u00fcr die Sonderp\u00e4dagogik integriert diese Prozesse in einer Umgebung und ordnet sie nacheinander an, um sie schrittweise zu beherrschen.<\/p>\n<p>Magrids Design unterst\u00fctzt:<\/p>\n<ul class=\"custom-bullets\">\n<li><strong>Visuell-r\u00e4umliches Vorstellungsverm\u00f6gen<\/strong>\u00a0durch symbolische Zuordnungsaufgaben und Aufgaben zur r\u00e4umlichen Organisation.<\/li>\n<li><strong>Feinmotorische Koordination<\/strong>\u00a0durch Ber\u00fchrungs- und Zieh-Interaktionen, die Pr\u00e4zision erfordern.<\/li>\n<li><strong>Aufmerksamkeit und Arbeitsged\u00e4chtnis<\/strong>\u00a0durch konsequente Routinen und schrittweise Herausforderungen.<\/li>\n<\/ul>\n<p>Forschung in der\u00a0<a href=\"https:\/\/link.springer.com\/journal\/10803\" target=\"_blank\" rel=\"noopener\">Journal of Autism and Developmental Disorders<\/a>\u00a0weist darauf hin, dass motorisches Lernen die mathematischen F\u00e4higkeiten in der fr\u00fchen Kindheit verbessert.<\/p>\n<h6 style=\"font-weight: 900;\"><strong>Vollst\u00e4ndiger Lifecycle-Support f\u00fcr Schulen und Sonderp\u00e4dagogische Zentren<\/strong><\/h6>\n<p>Die Einf\u00fchrung einer neuen Technologie erfordert mehr als nur Software. Schulen und Zentren m\u00fcssen geschult, die Lehrpl\u00e4ne angepasst und \u00fcberwacht werden. Magrid adressiert dies mit\u00a0<strong>umfassende Unterst\u00fctzung im Lebenszyklus<\/strong>\u00a0f\u00fcr Lehrer und Verwaltungsangestellte.<\/p>\n<p>Dazu geh\u00f6ren:<\/p>\n<ul class=\"custom-bullets\">\n<li>Onboarding und\u00a0<strong>Lehrer-Zertifizierung<\/strong>\u00a0auf die Sonderp\u00e4dagogik zugeschnitten.<\/li>\n<li><strong>Institutionelle Dashboards<\/strong>\u00a0f\u00fcr die Fortschrittskontrolle.<\/li>\n<li><strong>Angleichung der Lehrpl\u00e4ne<\/strong>\u00a0mit US-amerikanischen und internationalen Standards.<\/li>\n<li><strong>GDPR-konformer Datenschutz<\/strong>\u00a0um die Privatsph\u00e4re der Sch\u00fcler zu sch\u00fctzen.<\/li>\n<\/ul>\n<p>Ressourcen f\u00fcr die berufliche Entwicklung: Schulung und Unterst\u00fctzung<\/p>\n<h6 style=\"font-weight: 900;\"><strong>Nachgewiesene Wirkung und institutionelle Akzeptanz<\/strong><\/h6>\n<p>Die Glaubw\u00fcrdigkeit von Magrid beruht auf Universit\u00e4tspartnerschaften und wiederholter Forschungsvalidierung. Unabh\u00e4ngige Studien berichten von Verbesserungen der Aufmerksamkeit, des logischen Denkens und der feinmotorischen Koordination bei konsequenter Anwendung.<br \/>Die \u00dcbernahme durch Zentren wie die Fondation Autisme Luxembourg, UEL The Gap und das Help Center zeigt, dass eine Kombination aus Forschungsvalidierung, Lehrerunterst\u00fctzung und laufender \u00dcberwachung zu nachhaltigem Erfolg f\u00fchrt.<\/p>\n<p>Erfahren Sie mehr: \u00dcberblick \u00fcber die Forschungsvalidierung<\/p>\n<p>\u00a0<\/p>\n<p>\u00a0<\/p>\n<h6 style=\"font-weight: 900;\"><strong>FAQ<\/strong><\/h6>\n<p style=\"font-weight: 900;\"><strong>Wie profitiert eine Mathe-App f\u00fcr Kinder mit Autismus von der Sonderp\u00e4dagogik?<\/strong><\/p>\n<p>Es bietet strukturiertes, visuelles und interaktives Lernen, das die kognitiven und feinmotorischen F\u00e4higkeiten f\u00f6rdert und gleichzeitig sprachliche Barrieren abbaut und den Zugang zum Rechnen verbessert.<\/p>\n<p style=\"font-weight: 900;\">Ist das Programm sowohl f\u00fcr den Unterricht als auch f\u00fcr die Therapie geeignet?<\/p>\n<p>Ja. Es l\u00e4sst sich an Schulen und Therapiezentren anpassen und kann individualisierte Bildungspl\u00e4ne (IEPs) unterst\u00fctzen.<\/p>\n<p style=\"font-weight: 900;\">Wodurch wird das Programm durch die Forschung best\u00e4tigt?<\/p>\n<p>Es wurde gemeinsam mit Universit\u00e4tspartnern entwickelt und durch unabh\u00e4ngige Studien validiert, die messbare Verbesserungen der mathematischen und kognitiven Leistungen belegen.<\/p>\n<p style=\"font-weight: 900;\">Wie unterst\u00fctzt das Programm die institutionelle \u00dcbernahme?<\/p>\n<p>Durch Lehrerfortbildung, Zertifizierung, GDPR-gerechtes Monitoring und auf die Sonderp\u00e4dagogik zugeschnittene Lehrplanunterst\u00fctzung.<\/p>\n<p style=\"font-weight: 900;\">K\u00f6nnen Eltern das Programm auch zu Hause nutzen?<\/p>\n<p>Ja. Dasselbe forschungsgepr\u00fcfte Programm verl\u00e4ngert das Lernen vom Klassenzimmer bis nach Hause und sorgt so f\u00fcr Konsistenz.<\/p>\n<p style=\"font-weight: 900;\">F\u00fcr Zentren und Einrichtungen:<\/p>\n<p>Anfrage\u00a0<a href=\"https:\/\/magrid.education\/de\/kontakt\/\"><strong>eine kostenlose Demo<\/strong><\/a>\u00a0um Magrids forschungsvalidiertes, GDPR-konformes Mathe-Bildungsprogramm zur Autismus-F\u00f6rderung kennenzulernen.<\/p>\n<h6 style=\"font-weight: 900;\"><strong>F\u00fcr Eltern und Betreuer:<\/strong><\/h6>\n<p>Laden Sie die Magrid-App herunter und beginnen Sie mit dem inklusiven Mathe-Lernen Ihres Kindes zu Hause.<\/p>\n<p>\n<\/div><\/div><\/div><\/div><\/div><\/div><\/div><\/div><\/div><\/section>","protected":false},"excerpt":{"rendered":"","protected":false},"author":6,"featured_media":0,"parent":0,"menu_order":0,"comment_status":"closed","ping_status":"closed","template":"","meta":{"content-type":"","_monsterinsights_skip_tracking":false,"_monsterinsights_sitenote_active":false,"_monsterinsights_sitenote_note":"","_monsterinsights_sitenote_category":0,"footnotes":""},"class_list":["post-39223","page","type-page","status-publish","hentry"],"aioseo_notices":[],"jetpack_sharing_enabled":true,"jetpack_shortlink":"https:\/\/wp.me\/PbG2q8-acD","_links":{"self":[{"href":"https:\/\/magrid.education\/de\/wp-json\/wp\/v2\/pages\/39223","targetHints":{"allow":["GET"]}}],"collection":[{"href":"https:\/\/magrid.education\/de\/wp-json\/wp\/v2\/pages"}],"about":[{"href":"https:\/\/magrid.education\/de\/wp-json\/wp\/v2\/types\/page"}],"author":[{"embeddable":true,"href":"https:\/\/magrid.education\/de\/wp-json\/wp\/v2\/users\/6"}],"replies":[{"embeddable":true,"href":"https:\/\/magrid.education\/de\/wp-json\/wp\/v2\/comments?post=39223"}],"version-history":[{"count":24,"href":"https:\/\/magrid.education\/de\/wp-json\/wp\/v2\/pages\/39223\/revisions"}],"predecessor-version":[{"id":39913,"href":"https:\/\/magrid.education\/de\/wp-json\/wp\/v2\/pages\/39223\/revisions\/39913"}],"wp:attachment":[{"href":"https:\/\/magrid.education\/de\/wp-json\/wp\/v2\/media?parent=39223"}],"curies":[{"name":"wp","href":"https:\/\/api.w.org\/{rel}","templated":true}]}}