{"id":39223,"date":"2026-01-16T14:34:29","date_gmt":"2026-01-16T13:34:29","guid":{"rendered":"https:\/\/magrid.education\/?page_id=39223"},"modified":"2026-04-15T15:25:21","modified_gmt":"2026-04-15T13:25:21","slug":"education-specialisee-application-mathematique-autisme-education-inclusive","status":"publish","type":"page","link":"https:\/\/magrid.education\/fr\/special-education-math-app-autism-inclusive-education\/","title":{"rendered":"L'enseignement inclusif des math\u00e9matiques pour l'autisme : Comment une application de math\u00e9matiques pour l'enseignement sp\u00e9cialis\u00e9 transforme l'apprentissage"},"content":{"rendered":"<section data-bb-version=\"5.5.9\" id=\"bt_bb_section6a09b49a3320b\"  class=\"bt_bb_section bt_bb_layout_boxed_1200\"  data-bt-override-class=\"null\"><div class=\"bt_bb_port\"><div class=\"bt_bb_cell\"><div class=\"bt_bb_cell_inner\"><div class=\"bt_bb_row\"  data-bt-override-class=\"{}\"><div class=\"bt_bb_row_holder\" ><div data-bb-version=\"5.5.9\"  class=\"bt_bb_column col-xxl-12 col-xl-12 col-xs-12 col-sm-12 col-md-12 col-lg-12 bt_bb_vertical_align_top bt_bb_align_left bt_bb_padding_normal bt_bb_shape_inherit\" style=\"; --column-width:12;\" data-width=\"12\" data-bt-override-class=\"{}\"><div class=\"bt_bb_column_content\"><div class=\"bt_bb_column_content_inner\"><div data-bb-version=\"5.5.9\" class=\"bt_bb_separator bt_bb_border_style_none bt_bb_top_spacing_normal bt_bb_bottom_spacing_normal\" data-bt-override-class=\"{&quot;bt_bb_top_spacing_&quot;:{&quot;current_class&quot;:&quot;bt_bb_top_spacing_normal&quot;,&quot;def&quot;:&quot;normal&quot;},&quot;bt_bb_bottom_spacing_&quot;:{&quot;current_class&quot;:&quot;bt_bb_bottom_spacing_normal&quot;,&quot;def&quot;:&quot;normal&quot;}}\"><\/div><div data-bb-version=\"5.5.9\"  class=\"bt_bb_text\" ><\/p>\n<p>\u00a0<\/p>\n<h6><strong>L'enseignement inclusif des math\u00e9matiques pour l'autisme : Comment une application de math\u00e9matiques pour l'enseignement sp\u00e9cialis\u00e9 transforme l'apprentissage<\/strong><\/h6>\n<p>\u00a0<\/p>\n<p>\u00a0<\/p>\n<h5 style=\"font-weight: 900;\"><strong>Introduction<\/strong><\/h5>\n<p>L'enseignement inclusif des math\u00e9matiques aux \u00c9tats-Unis continue d'\u00e9voluer, car les \u00e9ducateurs et les th\u00e9rapeutes recherchent des outils qui combinent la validation scientifique, l'utilisation pratique en classe et les meilleures pratiques mondiales. Pour les centres d'\u00e9ducation sp\u00e9cialis\u00e9e qui soutiennent les enfants autistes, les math\u00e9matiques ne sont pas seulement une question de chiffres. Il s'agit d'un chemin structur\u00e9 vers le d\u00e9veloppement de l'attention, de l'ordonnancement et de la coordination motrice fine.<\/p>\n<p>La recherche moderne confirme que les interventions pr\u00e9coces en mati\u00e8re de calcul et de cognition peuvent favoriser les r\u00e9sultats adaptatifs dans le cadre de l'\u00e9ducation des autistes. Le National Center for\u00a0<a href=\"https:\/\/ies.ed.gov\/ncser\/\" target=\"_blank\" rel=\"noopener\">Recherche sur l'\u00e9ducation sp\u00e9ciale (NCSER)<\/a>\u00a0rapporte que les activit\u00e9s visuo-motrices structur\u00e9es peuvent am\u00e9liorer le raisonnement et la r\u00e9solution de probl\u00e8mes chez les enfants pr\u00e9sentant des diff\u00e9rences de d\u00e9veloppement.<\/p>\n<p><strong>Magrid<\/strong>, Ce programme, d\u00e9velopp\u00e9 avec des partenaires universitaires et valid\u00e9 par la recherche, traduit ces r\u00e9sultats dans la pratique. Il s'agit d'un programme sans langue, soutenu par le curriculum, qui fait le lien entre les math\u00e9matiques, la cognition et le d\u00e9veloppement moteur pour les classes inclusives et les environnements th\u00e9rapeutiques.<\/p>\n<p>En savoir plus :<\/p>\n<ul class=\"custom-bullets\">\n<li><a href=\"https:\/\/magrid.education\/fr\/pourquoi-magrid-2\/\">Comment fonctionne Magrid<\/a><\/li>\n<\/ul>\n<h6 style=\"font-weight: 900;\"><strong>Le d\u00e9fi de l'enseignement des math\u00e9matiques dans l'\u00e9ducation des autistes<\/strong><\/h6>\n<p>Les apprenants autistes sont souvent dou\u00e9s pour la reconnaissance des formes et la pens\u00e9e visuelle. Beaucoup d'entre eux ont \u00e9galement des difficult\u00e9s \u00e0 raisonner de mani\u00e8re abstraite et \u00e0 suivre un enseignement qui fait appel \u00e0 la langue. Lorsque l'enseignement repose principalement sur des explications verbales, il peut augmenter la charge cognitive et r\u00e9duire l'engagement.<\/p>\n<p>Les r\u00e9sultats de l'\u00e9tude\u00a0<a href=\"https:\/\/www.autismspeaks.org\/\" target=\"_blank\" rel=\"noopener\">Autism Speaks<\/a>,\u00a0<a href=\"https:\/\/www.understood.org\/\" target=\"_blank\" rel=\"noopener\">Compris.org<\/a>, et\u00a0<a href=\"https:\/\/exceptionalchildren.org\/\" target=\"_blank\" rel=\"noopener\">le Conseil pour les enfants exceptionnels<\/a>\u00a0souligne que les environnements visuels et interactifs structur\u00e9s favorisent une meilleure participation et des progr\u00e8s mesurables.<\/p>\n<p>Les centres d'\u00e9ducation sp\u00e9cialis\u00e9e du monde entier font \u00e9tat d'une meilleure participation lorsque les concepts math\u00e9matiques sont enseign\u00e9s \u00e0 l'aide d'outils num\u00e9riques multisensoriels et guid\u00e9s visuellement. Le Centre du d\u00e9veloppement intellectuel au Luxembourg et UEL The Gap en Australie en sont des exemples. Aux \u00c9tats-Unis, le d\u00e9fi consiste \u00e0 \u00e9tendre ces pratiques \u00e0 divers contextes tout en maintenant une fid\u00e9lit\u00e9 fond\u00e9e sur des donn\u00e9es probantes. C'est l\u00e0 qu'une plateforme valid\u00e9e par la recherche et ind\u00e9pendante de la langue comme Magrid apporte une valeur ajout\u00e9e.<\/p>\n<h6 style=\"font-weight: 900;\"><strong>Approches fond\u00e9es sur la recherche et approches sans langage<\/strong><\/h6>\n<p>La conception sans langage de Magrid rend les activit\u00e9s accessibles quel que soit le bagage linguistique ou la capacit\u00e9 verbale de l'apprenant. Au lieu d'instructions \u00e9crites, les apprenants naviguent dans des rep\u00e8res visuels et des t\u00e2ches structur\u00e9es qui d\u00e9veloppent l'encha\u00eenement logique, la conscience des quantit\u00e9s et le raisonnement spatial.<\/p>\n<p>Cette d\u00e9marche s'aligne sur les orientations de la\u00a0<a href=\"https:\/\/www.apa.org\/\" target=\"_blank\" rel=\"noopener\">Association am\u00e9ricaine de psychologie<\/a>\u00a0sur les avantages des strat\u00e9gies d'apprentissage visuel pour les \u00e9l\u00e8ves neurodiverses, et avec les objectifs plus larges de la pratique inclusive dans le cadre de la\u00a0<a href=\"https:\/\/sites.ed.gov\/idea\/\" target=\"_blank\" rel=\"noopener\">Loi sur l'\u00e9ducation des personnes handicap\u00e9es (Individuals with Disabilities Education Act - IDEA).<\/a><\/p>\n<p>Voici quelques exemples d'activit\u00e9s structur\u00e9es de Magrid, fond\u00e9es sur la recherche :<\/p>\n<ul class=\"custom-bullets\">\n<li><strong>Puzzles logiques visuels :<\/strong>\u00a0renforcer les concepts de pr\u00e9-num\u00e9rotation tels que l'appariement, la comparaison et l'ordre.<\/li>\n<li><strong>Jeux de tri et de classification :<\/strong>\u00a0renforcer les fonctions ex\u00e9cutives et le raisonnement fond\u00e9 sur des r\u00e8gles.<\/li>\n<li><strong>T\u00e2ches de reconnaissance des formes :<\/strong>\u00a0jeter les bases de l'arithm\u00e9tique, de la pens\u00e9e alg\u00e9brique et de la r\u00e9solution de probl\u00e8mes.<\/li>\n<\/ul>\n<p>Dans la pratique, les centres utilisent ces activit\u00e9s visuelles structur\u00e9es pour aider les enfants \u00e0 passer d'actions concr\u00e8tes (tri, classement) \u00e0 une compr\u00e9hension abstraite (raisonnement num\u00e9rique). La combinaison de l'engagement cognitif et moteur augmente \u00e0 la fois la pers\u00e9v\u00e9rance et la motivation.<\/p>\n<h6 style=\"font-weight: 900;\"><strong>Comment une application de math\u00e9matiques pour l'enseignement sp\u00e9cialis\u00e9 soutient le d\u00e9veloppement cognitif et moteur<\/strong><\/h6>\n<p>La comp\u00e9tence math\u00e9matique d\u00e9pend de processus visuels, moteurs et cognitifs interconnect\u00e9s. Une application de math\u00e9matiques sp\u00e9cialement con\u00e7ue pour l'enseignement sp\u00e9cialis\u00e9 int\u00e8gre ces processus dans un environnement unique et les ordonne de mani\u00e8re \u00e0 ce qu'ils soient progressivement ma\u00eetris\u00e9s.<\/p>\n<p>Les supports de conception de Magrid :<\/p>\n<ul class=\"custom-bullets\">\n<li><strong>Raisonnement visuo-spatial<\/strong>\u00a0par le biais de t\u00e2ches d'appariement symbolique et d'organisation spatiale.<\/li>\n<li><strong>Coordination motrice fine<\/strong>\u00a0par le biais d'interactions tactiles et de glisser-d\u00e9poser n\u00e9cessitant de la pr\u00e9cision.<\/li>\n<li><strong>Attention et m\u00e9moire de travail<\/strong>\u00a0gr\u00e2ce \u00e0 des routines coh\u00e9rentes et \u00e0 des d\u00e9fis \u00e0 relever \u00e9tape par \u00e9tape.<\/li>\n<\/ul>\n<p>Recherche dans le domaine de la\u00a0<a href=\"https:\/\/link.springer.com\/journal\/10803\" target=\"_blank\" rel=\"noopener\">Journal de l'autisme et des troubles du d\u00e9veloppement<\/a>\u00a0indique que l'apprentissage par la motricit\u00e9 am\u00e9liore la pr\u00e9paration aux math\u00e9matiques dans la petite enfance.<\/p>\n<h6 style=\"font-weight: 900;\"><strong>Support du cycle de vie complet pour les \u00e9coles et les centres d'\u00e9ducation sp\u00e9cialis\u00e9e<\/strong><\/h6>\n<p>La mise en \u0153uvre d'une nouvelle technologie n\u00e9cessite plus qu'un simple logiciel. Les \u00e9coles et les centres ont besoin de formation, d'alignement des programmes et de suivi. Magrid r\u00e9pond \u00e0 ces besoins avec\u00a0<strong>un soutien complet tout au long du cycle de vie<\/strong>\u00a0pour les enseignants et les administrateurs.<\/p>\n<p>Il s'agit notamment de<\/p>\n<ul class=\"custom-bullets\">\n<li>Onboarding et\u00a0<strong>certification des enseignants<\/strong>\u00a0adapt\u00e9e \u00e0 l'\u00e9ducation sp\u00e9ciale.<\/li>\n<li><strong>Tableaux de bord institutionnels<\/strong>\u00a0pour le suivi des progr\u00e8s.<\/li>\n<li><strong>Alignement des programmes d'\u00e9tudes<\/strong>\u00a0avec les normes am\u00e9ricaines et internationales.<\/li>\n<li><strong>Protection des donn\u00e9es conforme au GDPR<\/strong>\u00a0pour garantir le respect de la vie priv\u00e9e des \u00e9tudiants.<\/li>\n<\/ul>\n<p>Ressources pour le d\u00e9veloppement professionnel : Formation et soutien<\/p>\n<h6 style=\"font-weight: 900;\"><strong>Impact prouv\u00e9 et adoption par les institutions<\/strong><\/h6>\n<p>La cr\u00e9dibilit\u00e9 de Magrid repose sur des partenariats universitaires et sur la validation de recherches r\u00e9p\u00e9t\u00e9es. Des \u00e9tudes ind\u00e9pendantes font \u00e9tat d'une am\u00e9lioration de l'attention, du raisonnement et de la coordination motrice fine \u00e0 la suite d'une utilisation r\u00e9guli\u00e8re.<br \/>Son adoption par des centres tels que la Fondation Autisme Luxembourg, UEL The Gap et le Help Center montre qu'une combinaison de validation de la recherche, de soutien des enseignants et de suivi continu permet d'obtenir un succ\u00e8s durable.<\/p>\n<p>En savoir plus : Vue d'ensemble de la validation de la recherche<\/p>\n<p>\u00a0<\/p>\n<p>\u00a0<\/p>\n<h6 style=\"font-weight: 900;\"><strong>FAQ<\/strong><\/h6>\n<p style=\"font-weight: 900;\"><strong>Comment une application de math\u00e9matiques pour l'enseignement sp\u00e9cialis\u00e9 peut-elle \u00eatre utile aux enfants autistes ?<\/strong><\/p>\n<p>Il offre un apprentissage structur\u00e9, visuel et interactif qui renforce la cognition et la motricit\u00e9 fine tout en r\u00e9duisant les barri\u00e8res linguistiques, am\u00e9liorant ainsi l'acc\u00e8s \u00e0 la num\u00e9ratie.<\/p>\n<p style=\"font-weight: 900;\">Le programme est-il adapt\u00e9 \u00e0 la fois \u00e0 la classe et \u00e0 la th\u00e9rapie ?<\/p>\n<p>Oui, il s'adapte aux \u00e9coles et aux centres de th\u00e9rapie et peut soutenir les plans d'\u00e9ducation individualis\u00e9s (PEI).<\/p>\n<p style=\"font-weight: 900;\">Qu'est-ce qui fait que le programme est valid\u00e9 par la recherche ?<\/p>\n<p>Il est co-d\u00e9velopp\u00e9 avec des partenaires universitaires et valid\u00e9 par des \u00e9tudes ind\u00e9pendantes montrant des gains mesurables en math\u00e9matiques et en performances cognitives.<\/p>\n<p style=\"font-weight: 900;\">Comment le programme soutient-il l'adoption institutionnelle ?<\/p>\n<p>Gr\u00e2ce \u00e0 la formation des enseignants, \u00e0 la certification, au suivi align\u00e9 sur le GDPR et au soutien des programmes adapt\u00e9s \u00e0 l'enseignement sp\u00e9cialis\u00e9.<\/p>\n<p style=\"font-weight: 900;\">Les parents peuvent-ils \u00e9galement utiliser le programme \u00e0 la maison ?<\/p>\n<p>Oui, le m\u00eame programme valid\u00e9 par la recherche prolonge l'apprentissage de la salle de classe \u00e0 la maison pour plus de coh\u00e9rence.<\/p>\n<p style=\"font-weight: 900;\">Pour les centres et les institutions :<\/p>\n<p>Demande\u00a0<a href=\"https:\/\/magrid.education\/fr\/contact\/\"><strong>une d\u00e9monstration gratuite<\/strong><\/a>\u00a0pour d\u00e9couvrir le programme d'enseignement des math\u00e9matiques de Magrid, valid\u00e9 par la recherche et conforme au GDPR, pour le soutien aux autistes.<\/p>\n<h6 style=\"font-weight: 900;\"><strong>Pour les parents et les soignants :<\/strong><\/h6>\n<p>T\u00e9l\u00e9chargez l'application Magrid pour commencer le parcours d'apprentissage des math\u00e9matiques de votre enfant \u00e0 la maison.<\/p>\n<p>\n<\/div><\/div><\/div><\/div><\/div><\/div><\/div><\/div><\/div><\/section>","protected":false},"excerpt":{"rendered":"","protected":false},"author":6,"featured_media":0,"parent":0,"menu_order":0,"comment_status":"closed","ping_status":"closed","template":"","meta":{"content-type":"","_monsterinsights_skip_tracking":false,"_monsterinsights_sitenote_active":false,"_monsterinsights_sitenote_note":"","_monsterinsights_sitenote_category":0,"footnotes":""},"class_list":["post-39223","page","type-page","status-publish","hentry"],"aioseo_notices":[],"jetpack_sharing_enabled":true,"jetpack_shortlink":"https:\/\/wp.me\/PbG2q8-acD","_links":{"self":[{"href":"https:\/\/magrid.education\/fr\/wp-json\/wp\/v2\/pages\/39223","targetHints":{"allow":["GET"]}}],"collection":[{"href":"https:\/\/magrid.education\/fr\/wp-json\/wp\/v2\/pages"}],"about":[{"href":"https:\/\/magrid.education\/fr\/wp-json\/wp\/v2\/types\/page"}],"author":[{"embeddable":true,"href":"https:\/\/magrid.education\/fr\/wp-json\/wp\/v2\/users\/6"}],"replies":[{"embeddable":true,"href":"https:\/\/magrid.education\/fr\/wp-json\/wp\/v2\/comments?post=39223"}],"version-history":[{"count":24,"href":"https:\/\/magrid.education\/fr\/wp-json\/wp\/v2\/pages\/39223\/revisions"}],"predecessor-version":[{"id":39913,"href":"https:\/\/magrid.education\/fr\/wp-json\/wp\/v2\/pages\/39223\/revisions\/39913"}],"wp:attachment":[{"href":"https:\/\/magrid.education\/fr\/wp-json\/wp\/v2\/media?parent=39223"}],"curies":[{"name":"wp","href":"https:\/\/api.w.org\/{rel}","templated":true}]}}