{"id":39223,"date":"2026-01-16T14:34:29","date_gmt":"2026-01-16T13:34:29","guid":{"rendered":"https:\/\/magrid.education\/?page_id=39223"},"modified":"2026-04-15T15:25:21","modified_gmt":"2026-04-15T13:25:21","slug":"educacao-especial-aplicacao-de-matematica-autismo-educacao-inclusiva","status":"publish","type":"page","link":"https:\/\/magrid.education\/pt\/special-education-math-app-autism-inclusive-education\/","title":{"rendered":"Educa\u00e7\u00e3o matem\u00e1tica inclusiva para o autismo: Como uma aplica\u00e7\u00e3o de matem\u00e1tica para o ensino especial transforma a aprendizagem"},"content":{"rendered":"<section data-bb-version=\"5.5.9\" id=\"bt_bb_section6a09a6ce7e5fa\"  class=\"bt_bb_section bt_bb_layout_boxed_1200\"  data-bt-override-class=\"null\"><div class=\"bt_bb_port\"><div class=\"bt_bb_cell\"><div class=\"bt_bb_cell_inner\"><div class=\"bt_bb_row\"  data-bt-override-class=\"{}\"><div class=\"bt_bb_row_holder\" ><div data-bb-version=\"5.5.9\"  class=\"bt_bb_column col-xxl-12 col-xl-12 col-xs-12 col-sm-12 col-md-12 col-lg-12 bt_bb_vertical_align_top bt_bb_align_left bt_bb_padding_normal bt_bb_shape_inherit\" style=\"; --column-width:12;\" data-width=\"12\" data-bt-override-class=\"{}\"><div class=\"bt_bb_column_content\"><div class=\"bt_bb_column_content_inner\"><div data-bb-version=\"5.5.9\" class=\"bt_bb_separator bt_bb_border_style_none bt_bb_top_spacing_normal bt_bb_bottom_spacing_normal\" data-bt-override-class=\"{&quot;bt_bb_top_spacing_&quot;:{&quot;current_class&quot;:&quot;bt_bb_top_spacing_normal&quot;,&quot;def&quot;:&quot;normal&quot;},&quot;bt_bb_bottom_spacing_&quot;:{&quot;current_class&quot;:&quot;bt_bb_bottom_spacing_normal&quot;,&quot;def&quot;:&quot;normal&quot;}}\"><\/div><div data-bb-version=\"5.5.9\"  class=\"bt_bb_text\" ><\/p>\n<p>\u00a0<\/p>\n<h6><strong>Educa\u00e7\u00e3o matem\u00e1tica inclusiva para o autismo: Como uma aplica\u00e7\u00e3o de matem\u00e1tica para o ensino especial transforma a aprendizagem<\/strong><\/h6>\n<p>\u00a0<\/p>\n<p>\u00a0<\/p>\n<h5 style=\"font-weight: 900;\"><strong>Introdu\u00e7\u00e3o<\/strong><\/h5>\n<p>A educa\u00e7\u00e3o matem\u00e1tica inclusiva nos Estados Unidos continua a evoluir \u00e0 medida que os educadores e terapeutas procuram ferramentas que combinem valida\u00e7\u00e3o cient\u00edfica, utiliza\u00e7\u00e3o pr\u00e1tica na sala de aula e melhores pr\u00e1ticas globais. Para os centros de ensino especial que apoiam crian\u00e7as com autismo, a matem\u00e1tica n\u00e3o \u00e9 apenas uma quest\u00e3o de n\u00fameros. \u00c9 um caminho estruturado para desenvolver a aten\u00e7\u00e3o, a sequ\u00eancia e a coordena\u00e7\u00e3o motora fina.<\/p>\n<p>A investiga\u00e7\u00e3o moderna confirma que as interven\u00e7\u00f5es cognitivas e num\u00e9ricas precoces podem apoiar os resultados adaptativos no ensino do autismo. O Centro Nacional de\u00a0<a href=\"https:\/\/ies.ed.gov\/ncser\/\" target=\"_blank\" rel=\"noopener\">Investiga\u00e7\u00e3o em Educa\u00e7\u00e3o Especial (NCSER)<\/a>\u00a0refere que as actividades visuais e motoras estruturadas podem melhorar o racioc\u00ednio e a resolu\u00e7\u00e3o de problemas em crian\u00e7as com diferen\u00e7as de desenvolvimento.<\/p>\n<p><strong>Magrid<\/strong>, desenvolvido com parceiros universit\u00e1rios e validado atrav\u00e9s de investiga\u00e7\u00e3o, traduz estas descobertas na pr\u00e1tica. \u00c9 um programa sem linguagem, apoiado por um curr\u00edculo, que faz a ponte entre a matem\u00e1tica, a cogni\u00e7\u00e3o e o desenvolvimento motor para salas de aula inclusivas e ambientes de terapia.<\/p>\n<p>Saiba mais:<\/p>\n<ul class=\"custom-bullets\">\n<li><a href=\"https:\/\/magrid.education\/pt\/porque-magrid-2\/\">Como funciona o Magrid<\/a><\/li>\n<\/ul>\n<h6 style=\"font-weight: 900;\"><strong>O desafio de ensinar matem\u00e1tica na educa\u00e7\u00e3o de autistas<\/strong><\/h6>\n<p>Os alunos com autismo revelam frequentemente pontos fortes no reconhecimento de padr\u00f5es e no pensamento visual. Muitos tamb\u00e9m enfrentam dificuldades com o racioc\u00ednio abstrato e com o ensino com muita linguagem. Quando o ensino se baseia principalmente em explica\u00e7\u00f5es verbais, pode aumentar a carga cognitiva e reduzir o envolvimento.<\/p>\n<p>Evid\u00eancias de\u00a0<a href=\"https:\/\/www.autismspeaks.org\/\" target=\"_blank\" rel=\"noopener\">Autismo fala<\/a>,\u00a0<a href=\"https:\/\/www.understood.org\/\" target=\"_blank\" rel=\"noopener\">Understood.org<\/a>, e\u00a0<a href=\"https:\/\/exceptionalchildren.org\/\" target=\"_blank\" rel=\"noopener\">o Conselho para Crian\u00e7as Excepcionais<\/a>\u00a0salienta que os ambientes visuais e interactivos estruturados favorecem uma melhor participa\u00e7\u00e3o e progressos mensur\u00e1veis.<\/p>\n<p>Os centros de ensino especial de todo o mundo registam uma maior participa\u00e7\u00e3o quando os conceitos matem\u00e1ticos s\u00e3o ensinados atrav\u00e9s de ferramentas digitais multissensoriais e visualmente guiadas. Os exemplos incluem o Centre du D\u00e9veloppement Intellectuel no Luxemburgo e o UEL The Gap na Austr\u00e1lia. Nos Estados Unidos, o desafio consiste em alargar estas pr\u00e1ticas a diversos contextos, mantendo a fidelidade baseada em provas. \u00c9 aqui que uma plataforma validada pela investiga\u00e7\u00e3o e independente da l\u00edngua, como o Magrid, acrescenta valor.<\/p>\n<h6 style=\"font-weight: 900;\"><strong>Abordagens baseadas na investiga\u00e7\u00e3o e sem recurso \u00e0 linguagem<\/strong><\/h6>\n<p>A conce\u00e7\u00e3o sem linguagem do Magrid torna as actividades acess\u00edveis, independentemente da forma\u00e7\u00e3o lingu\u00edstica ou da capacidade verbal do aluno. Em vez de instru\u00e7\u00f5es escritas, os alunos navegam por pistas visuais e tarefas estruturadas que desenvolvem a sequ\u00eancia l\u00f3gica, a consci\u00eancia da quantidade e o racioc\u00ednio espacial.<\/p>\n<p>Esta medida est\u00e1 em conformidade com as orienta\u00e7\u00f5es do\u00a0<a href=\"https:\/\/www.apa.org\/\" target=\"_blank\" rel=\"noopener\">Associa\u00e7\u00e3o Americana de Psicologia<\/a>\u00a0sobre os benef\u00edcios das estrat\u00e9gias de aprendizagem visual para alunos neurodiversos, e com os objectivos mais amplos da pr\u00e1tica inclusiva no \u00e2mbito do\u00a0<a href=\"https:\/\/sites.ed.gov\/idea\/\" target=\"_blank\" rel=\"noopener\">Lei da Educa\u00e7\u00e3o dos Indiv\u00edduos com Defici\u00eancia (IDEA).<\/a><\/p>\n<p>Exemplos das actividades estruturadas e baseadas na investiga\u00e7\u00e3o do Magrid incluem<\/p>\n<ul class=\"custom-bullets\">\n<li><strong>Puzzles de l\u00f3gica visual:<\/strong>\u00a0refor\u00e7ar conceitos pr\u00e9-num\u00e9ricos como a correspond\u00eancia, a compara\u00e7\u00e3o e a ordem.<\/li>\n<li><strong>Jogos de ordena\u00e7\u00e3o e classifica\u00e7\u00e3o:<\/strong>\u00a0refor\u00e7ar a fun\u00e7\u00e3o executiva e o racioc\u00ednio baseado em regras.<\/li>\n<li><strong>Tarefas de reconhecimento de padr\u00f5es:<\/strong>\u00a0construir as bases da aritm\u00e9tica, do pensamento alg\u00e9brico e da resolu\u00e7\u00e3o de problemas.<\/li>\n<\/ul>\n<p>Na pr\u00e1tica, os centros utilizam estas actividades visuais estruturadas para ajudar as crian\u00e7as a progredir de ac\u00e7\u00f5es concretas (classificar, ordenar) para a compreens\u00e3o abstrata (racioc\u00ednio num\u00e9rico). A combina\u00e7\u00e3o do envolvimento cognitivo e motor aumenta a persist\u00eancia e a motiva\u00e7\u00e3o.<\/p>\n<h6 style=\"font-weight: 900;\"><strong>Como uma aplica\u00e7\u00e3o de matem\u00e1tica para o ensino especial apoia o desenvolvimento cognitivo e motor<\/strong><\/h6>\n<p>A compet\u00eancia matem\u00e1tica depende de processos visuais, motores e cognitivos interligados. Uma aplica\u00e7\u00e3o de matem\u00e1tica para o ensino especial integra-os num \u00fanico ambiente e sequencia-os para um dom\u00ednio progressivo.<\/p>\n<p>O design do Magrid \u00e9 compat\u00edvel:<\/p>\n<ul class=\"custom-bullets\">\n<li><strong>Racioc\u00ednio visual-espacial<\/strong>\u00a0atrav\u00e9s de tarefas de emparelhamento simb\u00f3lico e de organiza\u00e7\u00e3o espacial.<\/li>\n<li><strong>Coordena\u00e7\u00e3o motora fina<\/strong>\u00a0atrav\u00e9s de intera\u00e7\u00f5es de toque e arrastamento que exigem precis\u00e3o.<\/li>\n<li><strong>Aten\u00e7\u00e3o e mem\u00f3ria de trabalho<\/strong>\u00a0atrav\u00e9s de rotinas consistentes e desafios passo a passo.<\/li>\n<\/ul>\n<p>Investiga\u00e7\u00e3o no dom\u00ednio da\u00a0<a href=\"https:\/\/link.springer.com\/journal\/10803\" target=\"_blank\" rel=\"noopener\">Journal of Autism and Developmental Disorders (Jornal do Autismo e das Perturba\u00e7\u00f5es do Desenvolvimento)<\/a>\u00a0indica que a aprendizagem motora melhora a prepara\u00e7\u00e3o matem\u00e1tica na primeira inf\u00e2ncia.<\/p>\n<h6 style=\"font-weight: 900;\"><strong>Suporte de ciclo de vida completo para escolas e centros de educa\u00e7\u00e3o especial<\/strong><\/h6>\n<p>A implementa\u00e7\u00e3o de novas tecnologias exige mais do que software. As escolas e os centros precisam de forma\u00e7\u00e3o, alinhamento curricular e monitoriza\u00e7\u00e3o. O Magrid aborda esta quest\u00e3o com\u00a0<strong>suporte abrangente ao ciclo de vida<\/strong>\u00a0para professores e administradores.<\/p>\n<p>Isto inclui:<\/p>\n<ul class=\"custom-bullets\">\n<li>Integra\u00e7\u00e3o e\u00a0<strong>certifica\u00e7\u00e3o de professores<\/strong>\u00a0adaptados ao ensino especial.<\/li>\n<li><strong>Pain\u00e9is de controlo institucionais<\/strong>\u00a0para acompanhamento dos progressos.<\/li>\n<li><strong>Alinhamento curricular<\/strong>\u00a0com as normas americanas e internacionais.<\/li>\n<li><strong>Prote\u00e7\u00e3o de dados em conformidade com o RGPD<\/strong>\u00a0para garantir a privacidade dos alunos.<\/li>\n<\/ul>\n<p>Recursos de desenvolvimento profissional: Forma\u00e7\u00e3o e apoio<\/p>\n<h6 style=\"font-weight: 900;\"><strong>Impacto comprovado e ado\u00e7\u00e3o institucional<\/strong><\/h6>\n<p>A credibilidade do Magrid baseia-se em parcerias universit\u00e1rias e na valida\u00e7\u00e3o de pesquisas repetidas. Estudos independentes relatam melhorias na aten\u00e7\u00e3o, racioc\u00ednio e coordena\u00e7\u00e3o motora fina com o uso consistente.<br \/>A sua ado\u00e7\u00e3o por centros como a Fondation Autisme Luxembourg, a UEL The Gap e o Help Center mostra que uma combina\u00e7\u00e3o de valida\u00e7\u00e3o da investiga\u00e7\u00e3o, apoio dos professores e monitoriza\u00e7\u00e3o cont\u00ednua constr\u00f3i um sucesso sustent\u00e1vel.<\/p>\n<p>Saiba mais: Vis\u00e3o geral da valida\u00e7\u00e3o da investiga\u00e7\u00e3o<\/p>\n<p>\u00a0<\/p>\n<p>\u00a0<\/p>\n<h6 style=\"font-weight: 900;\"><strong>FAQ<\/strong><\/h6>\n<p style=\"font-weight: 900;\"><strong>Como \u00e9 que uma aplica\u00e7\u00e3o de matem\u00e1tica para o ensino especial beneficia as crian\u00e7as com autismo?<\/strong><\/p>\n<p>Proporciona uma aprendizagem estruturada, visual e interactiva que refor\u00e7a a cogni\u00e7\u00e3o e as compet\u00eancias motoras finas, ao mesmo tempo que reduz as barreiras lingu\u00edsticas, melhorando o acesso \u00e0 numeracia.<\/p>\n<p style=\"font-weight: 900;\">O programa \u00e9 adequado tanto para a sala de aula como para a terapia?<\/p>\n<p>Sim. Adapta-se a escolas e centros de terapia e pode apoiar planos de ensino individualizados (IEPs).<\/p>\n<p style=\"font-weight: 900;\">O que torna o programa validado pela investiga\u00e7\u00e3o?<\/p>\n<p>\u00c9 desenvolvido em conjunto com parceiros universit\u00e1rios e validado atrav\u00e9s de estudos independentes que demonstram ganhos mensur\u00e1veis no desempenho matem\u00e1tico e cognitivo.<\/p>\n<p style=\"font-weight: 900;\">Como \u00e9 que o programa apoia a ado\u00e7\u00e3o institucional?<\/p>\n<p>Atrav\u00e9s da forma\u00e7\u00e3o de professores, da certifica\u00e7\u00e3o, da monitoriza\u00e7\u00e3o alinhada com o RGPD e do apoio curricular adaptado ao ensino especial.<\/p>\n<p style=\"font-weight: 900;\">Os pais tamb\u00e9m podem utilizar o programa em casa?<\/p>\n<p>Sim. O mesmo programa validado por investiga\u00e7\u00e3o estende a aprendizagem da sala de aula para casa, para uma maior consist\u00eancia.<\/p>\n<p style=\"font-weight: 900;\">Para centros e institui\u00e7\u00f5es:<\/p>\n<p>Pedido\u00a0<a href=\"https:\/\/magrid.education\/pt\/contacto\/\"><strong>uma demonstra\u00e7\u00e3o gratuita<\/strong><\/a>\u00a0para explorar o programa de educa\u00e7\u00e3o matem\u00e1tica do Magrid, validado pela investiga\u00e7\u00e3o e alinhado com o RGPD, para apoio ao autismo.<\/p>\n<h6 style=\"font-weight: 900;\"><strong>Para pais e encarregados de educa\u00e7\u00e3o:<\/strong><\/h6>\n<p>Descarregue a aplica\u00e7\u00e3o Magrid para iniciar o percurso de aprendizagem da matem\u00e1tica inclusiva do seu filho em casa.<\/p>\n<p>\n<\/div><\/div><\/div><\/div><\/div><\/div><\/div><\/div><\/div><\/section>","protected":false},"excerpt":{"rendered":"","protected":false},"author":6,"featured_media":0,"parent":0,"menu_order":0,"comment_status":"closed","ping_status":"closed","template":"","meta":{"content-type":"","_monsterinsights_skip_tracking":false,"_monsterinsights_sitenote_active":false,"_monsterinsights_sitenote_note":"","_monsterinsights_sitenote_category":0,"footnotes":""},"class_list":["post-39223","page","type-page","status-publish","hentry"],"aioseo_notices":[],"jetpack_sharing_enabled":true,"jetpack_shortlink":"https:\/\/wp.me\/PbG2q8-acD","_links":{"self":[{"href":"https:\/\/magrid.education\/pt\/wp-json\/wp\/v2\/pages\/39223","targetHints":{"allow":["GET"]}}],"collection":[{"href":"https:\/\/magrid.education\/pt\/wp-json\/wp\/v2\/pages"}],"about":[{"href":"https:\/\/magrid.education\/pt\/wp-json\/wp\/v2\/types\/page"}],"author":[{"embeddable":true,"href":"https:\/\/magrid.education\/pt\/wp-json\/wp\/v2\/users\/6"}],"replies":[{"embeddable":true,"href":"https:\/\/magrid.education\/pt\/wp-json\/wp\/v2\/comments?post=39223"}],"version-history":[{"count":24,"href":"https:\/\/magrid.education\/pt\/wp-json\/wp\/v2\/pages\/39223\/revisions"}],"predecessor-version":[{"id":39913,"href":"https:\/\/magrid.education\/pt\/wp-json\/wp\/v2\/pages\/39223\/revisions\/39913"}],"wp:attachment":[{"href":"https:\/\/magrid.education\/pt\/wp-json\/wp\/v2\/media?parent=39223"}],"curies":[{"name":"wp","href":"https:\/\/api.w.org\/{rel}","templated":true}]}}